{"id":1218,"date":"2026-03-06T18:54:24","date_gmt":"2026-03-06T18:54:24","guid":{"rendered":"https:\/\/dev18.ideearendus.ee\/winmar\/?page_id=1218"},"modified":"2026-03-06T18:55:24","modified_gmt":"2026-03-06T18:55:24","slug":"haagised","status":"publish","type":"page","link":"https:\/\/dev18.ideearendus.ee\/winmar\/haagised\/","title":{"rendered":"Haagised"},"content":{"rendered":"<style>.kb-row-layout-id1218_e3a89f-25 > .kt-row-column-wrap{align-content:center;}:where(.kb-row-layout-id1218_e3a89f-25 > .kt-row-column-wrap) > .wp-block-kadence-column{justify-content:center;}.kb-row-layout-id1218_e3a89f-25 > .kt-row-column-wrap{column-gap:var(--global-kb-gap-md, 2rem);row-gap:var(--global-kb-gap-md, 2rem);max-width:var( --global-content-width, 1290px );padding-left:var(--global-content-edge-padding);padding-right:var(--global-content-edge-padding);padding-top:var(--global-kb-spacing-xxl, 5rem);padding-bottom:var(--global-kb-spacing-xxl, 5rem);grid-template-columns:repeat(2, minmax(0, 1fr));}.kb-row-layout-id1218_e3a89f-25 > .kt-row-layout-overlay{opacity:0.30;}@media all and (max-width: 1024px){.kb-row-layout-id1218_e3a89f-25 > .kt-row-column-wrap{grid-template-columns:minmax(0, 1fr);}}@media all and (max-width: 767px){.kb-row-layout-id1218_e3a89f-25 > .kt-row-column-wrap{grid-template-columns:minmax(0, 1fr);}}<\/style><div class=\"kb-row-layout-wrap kb-row-layout-id1218_e3a89f-25 alignnone wp-block-kadence-rowlayout\"><div class=\"kt-row-column-wrap kt-has-2-columns kt-row-layout-equal kt-tab-layout-row kt-mobile-layout-row kt-row-valign-middle kb-theme-content-width\">\n<style>.kadence-column1218_47159a-20 > .kt-inside-inner-col,.kadence-column1218_47159a-20 > .kt-inside-inner-col:before{border-top-left-radius:0px;border-top-right-radius:0px;border-bottom-right-radius:0px;border-bottom-left-radius:0px;}.kadence-column1218_47159a-20 > .kt-inside-inner-col{column-gap:var(--global-kb-gap-sm, 1rem);}.kadence-column1218_47159a-20 > .kt-inside-inner-col{flex-direction:column;}.kadence-column1218_47159a-20 > .kt-inside-inner-col > .aligncenter{width:100%;}.kadence-column1218_47159a-20 > .kt-inside-inner-col:before{opacity:0.3;}.kadence-column1218_47159a-20{position:relative;}@media all and (max-width: 1024px){.kadence-column1218_47159a-20 > .kt-inside-inner-col{flex-direction:column;justify-content:center;}}@media all and (max-width: 767px){.kadence-column1218_47159a-20 > .kt-inside-inner-col{flex-direction:column;justify-content:center;}}<\/style>\n<div class=\"wp-block-kadence-column kadence-column1218_47159a-20\"><div class=\"kt-inside-inner-col\"><style>.kb-row-layout-id1218_822417-19 > .kt-row-column-wrap{align-content:start;}:where(.kb-row-layout-id1218_822417-19 > .kt-row-column-wrap) > .wp-block-kadence-column{justify-content:start;}.kb-row-layout-id1218_822417-19 > .kt-row-column-wrap{column-gap:var(--global-kb-gap-md, 2rem);row-gap:var(--global-kb-gap-md, 2rem);grid-template-columns:minmax(0, 2fr) minmax(0, 1fr);}.kb-row-layout-id1218_822417-19 > .kt-row-layout-overlay{opacity:0.30;}@media all and (max-width: 1024px){.kb-row-layout-id1218_822417-19 > .kt-row-column-wrap{grid-template-columns:minmax(0, 2fr) minmax(0, 1fr);}}@media all and (max-width: 767px){.kb-row-layout-id1218_822417-19 > .kt-row-column-wrap{grid-template-columns:minmax(0, 1fr);}}<\/style><div class=\"kb-row-layout-wrap kb-row-layout-id1218_822417-19 alignnone wp-block-kadence-rowlayout\"><div class=\"kt-row-column-wrap kt-has-2-columns kt-row-layout-left-golden kt-tab-layout-inherit kt-mobile-layout-row kt-row-valign-top\">\n<style>.kadence-column1218_434baa-d2 > .kt-inside-inner-col,.kadence-column1218_434baa-d2 > .kt-inside-inner-col:before{border-top-left-radius:0px;border-top-right-radius:0px;border-bottom-right-radius:0px;border-bottom-left-radius:0px;}.kadence-column1218_434baa-d2 > .kt-inside-inner-col{column-gap:var(--global-kb-gap-sm, 1rem);}.kadence-column1218_434baa-d2 > .kt-inside-inner-col{flex-direction:column;}.kadence-column1218_434baa-d2 > .kt-inside-inner-col > .aligncenter{width:100%;}.kadence-column1218_434baa-d2 > .kt-inside-inner-col:before{opacity:0.3;}.kadence-column1218_434baa-d2{position:relative;}.kadence-column1218_434baa-d2, .kt-inside-inner-col > .kadence-column1218_434baa-d2:not(.specificity){margin-bottom:-200px;margin-left:0px;}@media all and (max-width: 1024px){.kadence-column1218_434baa-d2 > .kt-inside-inner-col{flex-direction:column;justify-content:center;}}@media all and (max-width: 767px){.kadence-column1218_434baa-d2 > .kt-inside-inner-col{flex-direction:column;justify-content:center;}}<\/style>\n<div class=\"wp-block-kadence-column kadence-column1218_434baa-d2\"><div class=\"kt-inside-inner-col\"><style>.kadence-column1218_c0c22b-47 > .kt-inside-inner-col{padding-top:var(--global-kb-spacing-sm, 1.5rem);padding-right:var(--global-kb-spacing-sm, 1.5rem);padding-bottom:var(--global-kb-spacing-sm, 1.5rem);padding-left:var(--global-kb-spacing-sm, 1.5rem);}.kadence-column1218_c0c22b-47 > .kt-inside-inner-col,.kadence-column1218_c0c22b-47 > .kt-inside-inner-col:before{border-top-left-radius:10px;border-top-right-radius:10px;border-bottom-right-radius:10px;border-bottom-left-radius:10px;}.kadence-column1218_c0c22b-47 > .kt-inside-inner-col{column-gap:var(--global-kb-gap-sm, 1rem);}.kadence-column1218_c0c22b-47 > .kt-inside-inner-col{flex-direction:column;}.kadence-column1218_c0c22b-47 > .kt-inside-inner-col > .aligncenter{width:100%;}.kadence-column1218_c0c22b-47 > .kt-inside-inner-col{background-color:var(--global-palette1, #3182CE);}.kadence-column1218_c0c22b-47 > .kt-inside-inner-col:before{opacity:0.3;mix-blend-mode:overlay;background-image:url('https:\/\/dev18.ideearendus.ee\/winmar\/wp-content\/uploads\/2021\/09\/patter-white-1.png');background-size:auto;background-position:center center;background-attachment:scroll;background-repeat:repeat;}.kadence-column1218_c0c22b-47{z-index:1;position:relative;}.kadence-column1218_c0c22b-47, .kt-inside-inner-col > .kadence-column1218_c0c22b-47:not(.specificity){margin-top:0px;margin-right:0px;margin-bottom:0px;margin-left:0px;}@media all and (max-width: 1024px){.kadence-column1218_c0c22b-47 > .kt-inside-inner-col{flex-direction:column;justify-content:center;}}@media all and (max-width: 767px){.kadence-column1218_c0c22b-47 > .kt-inside-inner-col{padding-top:var(--global-kb-spacing-xxs, 0.5rem);padding-right:var(--global-kb-spacing-xxs, 0.5rem);padding-bottom:var(--global-kb-spacing-xxs, 0.5rem);padding-left:var(--global-kb-spacing-xxs, 0.5rem);flex-direction:column;justify-content:center;}.kadence-column1218_c0c22b-47, .kt-inside-inner-col > .kadence-column1218_c0c22b-47:not(.specificity){margin-top:var(--global-kb-spacing-xxs, 0.5rem);margin-right:var(--global-kb-spacing-xxs, 0.5rem);margin-bottom:var(--global-kb-spacing-xxs, 0.5rem);margin-left:var(--global-kb-spacing-xxs, 0.5rem);}}<\/style>\n<div class=\"wp-block-kadence-column kadence-column1218_c0c22b-47 kb-section-has-overlay\"><div class=\"kt-inside-inner-col\"><style>.wp-block-kadence-advancedheading.kt-adv-heading1218_6301e8-ef, .wp-block-kadence-advancedheading.kt-adv-heading1218_6301e8-ef[data-kb-block=\"kb-adv-heading1218_6301e8-ef\"]{font-style:normal;}.wp-block-kadence-advancedheading.kt-adv-heading1218_6301e8-ef[data-kb-block=\"kb-adv-heading1218_6301e8-ef\"]{display:flex;gap:0.25em;align-items:center;}.wp-block-kadence-advancedheading.kt-adv-heading1218_6301e8-ef[data-kb-block=\"kb-adv-heading1218_6301e8-ef\"] .kb-adv-heading-icon svg{width:1em;height:1em;}.wp-block-kadence-advancedheading.kt-adv-heading1218_6301e8-ef mark.kt-highlight, .wp-block-kadence-advancedheading.kt-adv-heading1218_6301e8-ef[data-kb-block=\"kb-adv-heading1218_6301e8-ef\"] mark.kt-highlight{font-style:normal;color:#f76a0c;-webkit-box-decoration-break:clone;box-decoration-break:clone;padding-top:0px;padding-right:0px;padding-bottom:0px;padding-left:0px;}.wp-block-kadence-advancedheading.kt-adv-heading1218_6301e8-ef img.kb-inline-image, .wp-block-kadence-advancedheading.kt-adv-heading1218_6301e8-ef[data-kb-block=\"kb-adv-heading1218_6301e8-ef\"] img.kb-inline-image{width:150px;vertical-align:baseline;}<\/style><h6 class=\"kt-adv-heading1218_6301e8-ef wp-block-kadence-advancedheading kt-adv-heading-has-icon has-theme-palette2-color has-text-color\" data-kb-block=\"kb-adv-heading1218_6301e8-ef\"><span class=\"kb-adv-text-inner\">Rendi kohe<\/span><span class=\"kb-svg-icon-wrap kb-adv-heading-icon kb-svg-icon-fe_arrowRight kb-adv-heading-icon-side-right\"><svg viewBox=\"0 0 24 24\"  fill=\"none\" stroke=\"currentColor\" stroke-width=\"2\" stroke-linecap=\"round\" stroke-linejoin=\"round\" xmlns=\"http:\/\/www.w3.org\/2000\/svg\"  aria-hidden=\"true\"><line x1=\"5\" y1=\"12\" x2=\"19\" y2=\"12\"\/><polyline points=\"12 5 19 12 12 19\"\/><\/svg><\/span><\/h6>\n\n<style>.wp-block-kadence-advancedheading.kt-adv-heading1218_10b739-13, .wp-block-kadence-advancedheading.kt-adv-heading1218_10b739-13[data-kb-block=\"kb-adv-heading1218_10b739-13\"]{font-style:normal;}.wp-block-kadence-advancedheading.kt-adv-heading1218_10b739-13 mark.kt-highlight, .wp-block-kadence-advancedheading.kt-adv-heading1218_10b739-13[data-kb-block=\"kb-adv-heading1218_10b739-13\"] mark.kt-highlight{font-style:normal;color:#f76a0c;-webkit-box-decoration-break:clone;box-decoration-break:clone;padding-top:0px;padding-right:0px;padding-bottom:0px;padding-left:0px;}.wp-block-kadence-advancedheading.kt-adv-heading1218_10b739-13 img.kb-inline-image, .wp-block-kadence-advancedheading.kt-adv-heading1218_10b739-13[data-kb-block=\"kb-adv-heading1218_10b739-13\"] img.kb-inline-image{width:150px;vertical-align:baseline;}<\/style>\n<h5 class=\"kt-adv-heading1218_10b739-13 wp-block-kadence-advancedheading has-theme-palette-9-color has-text-color\" data-kb-block=\"kb-adv-heading1218_10b739-13\">Royale haagissuvila<\/h5>\n<\/div><\/div>\n<\/div><\/div>\n\n\n<style>.kadence-column1218_0e4abc-50 > .kt-inside-inner-col,.kadence-column1218_0e4abc-50 > .kt-inside-inner-col:before{border-top-left-radius:0px;border-top-right-radius:0px;border-bottom-right-radius:0px;border-bottom-left-radius:0px;}.kadence-column1218_0e4abc-50 > .kt-inside-inner-col{column-gap:var(--global-kb-gap-sm, 1rem);}.kadence-column1218_0e4abc-50 > .kt-inside-inner-col{flex-direction:column;}.kadence-column1218_0e4abc-50 > .kt-inside-inner-col > .aligncenter{width:100%;}.kadence-column1218_0e4abc-50 > .kt-inside-inner-col:before{opacity:0.3;}.kadence-column1218_0e4abc-50{position:relative;}@media all and (max-width: 1024px){.kadence-column1218_0e4abc-50 > .kt-inside-inner-col{flex-direction:column;justify-content:center;}}@media all and (max-width: 767px){.kadence-column1218_0e4abc-50 > .kt-inside-inner-col{flex-direction:column;justify-content:center;}}<\/style>\n<div class=\"wp-block-kadence-column kadence-column1218_0e4abc-50\"><div class=\"kt-inside-inner-col\"><\/div><\/div>\n\n<\/div><\/div>\n\n<style>.wp-block-kadence-image.kb-image1218_cccacb-86:not(.kb-specificity-added):not(.kb-extra-specificity-added){margin-top:-50px;margin-left:40px;}.kb-image1218_cccacb-86 .kb-image-has-overlay:after{opacity:0.3;border-top-left-radius:10px;border-top-right-radius:10px;border-bottom-right-radius:10px;border-bottom-left-radius:10px;}.kb-image1218_cccacb-86 img.kb-img, .kb-image1218_cccacb-86 .kb-img img{border-top-left-radius:10px;border-top-right-radius:10px;border-bottom-right-radius:10px;border-bottom-left-radius:10px;}<\/style>\n<figure class=\"wp-block-kadence-image kb-image1218_cccacb-86 kb-image-is-ratio-size\"><div class=\"kb-is-ratio-image kb-image-ratio-land43\"><img loading=\"lazy\" decoding=\"async\" width=\"1152\" height=\"1536\" src=\"https:\/\/dev18.ideearendus.ee\/winmar\/wp-content\/uploads\/2026\/03\/48eabdd7-01c5-4489-81c4-537614bdba6f.png\" alt=\"\" class=\"kb-img wp-image-1198\" srcset=\"https:\/\/dev18.ideearendus.ee\/winmar\/wp-content\/uploads\/2026\/03\/48eabdd7-01c5-4489-81c4-537614bdba6f.png 1152w, https:\/\/dev18.ideearendus.ee\/winmar\/wp-content\/uploads\/2026\/03\/48eabdd7-01c5-4489-81c4-537614bdba6f-225x300.png 225w, https:\/\/dev18.ideearendus.ee\/winmar\/wp-content\/uploads\/2026\/03\/48eabdd7-01c5-4489-81c4-537614bdba6f-768x1024.png 768w\" sizes=\"auto, (max-width: 1152px) 100vw, 1152px\" \/><\/div><\/figure>\n<\/div><\/div>\n\n\n<style>.kadence-column1218_0c975f-af > .kt-inside-inner-col,.kadence-column1218_0c975f-af > .kt-inside-inner-col:before{border-top-left-radius:0px;border-top-right-radius:0px;border-bottom-right-radius:0px;border-bottom-left-radius:0px;}.kadence-column1218_0c975f-af > .kt-inside-inner-col{column-gap:var(--global-kb-gap-sm, 1rem);}.kadence-column1218_0c975f-af > .kt-inside-inner-col{flex-direction:column;}.kadence-column1218_0c975f-af > .kt-inside-inner-col > .aligncenter{width:100%;}.kadence-column1218_0c975f-af > .kt-inside-inner-col:before{opacity:0.3;}.kadence-column1218_0c975f-af{position:relative;}@media all and (max-width: 1024px){.kadence-column1218_0c975f-af > .kt-inside-inner-col{flex-direction:column;justify-content:center;}}@media all and (max-width: 767px){.kadence-column1218_0c975f-af > .kt-inside-inner-col{flex-direction:column;justify-content:center;}}<\/style>\n<div class=\"wp-block-kadence-column kadence-column1218_0c975f-af\"><div class=\"kt-inside-inner-col\"><style>.wp-block-kadence-advancedheading.kt-adv-heading1218_67d5fe-2c, .wp-block-kadence-advancedheading.kt-adv-heading1218_67d5fe-2c[data-kb-block=\"kb-adv-heading1218_67d5fe-2c\"]{text-align:left;font-style:normal;}.wp-block-kadence-advancedheading.kt-adv-heading1218_67d5fe-2c mark.kt-highlight, .wp-block-kadence-advancedheading.kt-adv-heading1218_67d5fe-2c[data-kb-block=\"kb-adv-heading1218_67d5fe-2c\"] mark.kt-highlight{font-style:normal;color:#f76a0c;-webkit-box-decoration-break:clone;box-decoration-break:clone;padding-top:0px;padding-right:0px;padding-bottom:0px;padding-left:0px;}.wp-block-kadence-advancedheading.kt-adv-heading1218_67d5fe-2c img.kb-inline-image, .wp-block-kadence-advancedheading.kt-adv-heading1218_67d5fe-2c[data-kb-block=\"kb-adv-heading1218_67d5fe-2c\"] img.kb-inline-image{width:150px;vertical-align:baseline;}@media all and (max-width: 767px){.wp-block-kadence-advancedheading.kt-adv-heading1218_67d5fe-2c, .wp-block-kadence-advancedheading.kt-adv-heading1218_67d5fe-2c[data-kb-block=\"kb-adv-heading1218_67d5fe-2c\"]{font-size:var(--global-kb-font-size-lg, 2rem);}}<\/style>\n<h2 class=\"kt-adv-heading1218_67d5fe-2c wp-block-kadence-advancedheading has-theme-palette-3-color has-text-color\" data-kb-block=\"kb-adv-heading1218_67d5fe-2c\">Royale haagissuvila<\/h2>\n\n\n<style>.wp-block-kadence-iconlist.kt-svg-icon-list-items1218_27f76a-80:not(.this-stops-third-party-issues){margin-top:0px;margin-bottom:0px;}.wp-block-kadence-iconlist.kt-svg-icon-list-items1218_27f76a-80 ul.kt-svg-icon-list:not(.this-prevents-issues):not(.this-stops-third-party-issues):not(.tijsloc){margin-top:0px;margin-bottom:10px;margin-left:0px;}.wp-block-kadence-iconlist.kt-svg-icon-list-items1218_27f76a-80 ul.kt-svg-icon-list{grid-row-gap:20px;}.wp-block-kadence-iconlist.kt-svg-icon-list-items1218_27f76a-80 ul.kt-svg-icon-list .kt-svg-icon-list-item-wrap .kt-svg-icon-list-single{margin-right:10px;}.kt-svg-icon-list-items1218_27f76a-80 ul.kt-svg-icon-list .kt-svg-icon-list-item-wrap, .kt-svg-icon-list-items1218_27f76a-80 ul.kt-svg-icon-list .kt-svg-icon-list-item-wrap a{color:var(--global-palette4, #2D3748);color:var(--global-palette4, #2D3748);}@media all and (min-width: 1025px){.wp-block-kadence-iconlist.kt-svg-icon-list-items1218_27f76a-80:not(.kt-svg-icon-list-columns-1) ul.kt-svg-icon-list .kt-svg-icon-list-item-wrap:not(:last-child){margin:0px;}}@media all and (min-width: 768px) and (max-width: 1024px){.wp-block-kadence-iconlist.kt-svg-icon-list-items1218_27f76a-80:not(.kt-tablet-svg-icon-list-columns-1) ul.kt-svg-icon-list .kt-svg-icon-list-item-wrap:not(:last-child){margin:0px;}}<\/style>\n<div class=\"wp-block-kadence-iconlist kt-svg-icon-list-items kt-svg-icon-list-items1218_27f76a-80 kt-svg-icon-list-columns-2 alignnone kt-mobile-svg-icon-list-columns-1\"><ul class=\"kt-svg-icon-list\"><style>.kt-svg-icon-list-item-1218_27f3af-d6 .kt-svg-icon-list-single{font-size:20px !important;color:var(--global-palette1, #3182CE) !important;}.kt-svg-icon-list-item-1218_27f3af-d6 .kt-svg-icon-list-text mark.kt-highlight{background-color:unset;font-style:normal;color:#f76a0c;-webkit-box-decoration-break:clone;box-decoration-break:clone;padding-top:0px;padding-right:0px;padding-bottom:0px;padding-left:0px;}<\/style>\n<li class=\"wp-block-kadence-listitem kt-svg-icon-list-item-wrap kt-svg-icon-list-item-1218_27f3af-d6 kt-svg-icon-list-style-default\"><span class=\"kb-svg-icon-wrap kb-svg-icon-ic_person kt-svg-icon-list-single\"><svg viewBox=\"0 0 8 8\"  fill=\"currentColor\" xmlns=\"http:\/\/www.w3.org\/2000\/svg\"  aria-hidden=\"true\"><path d=\"M4 0c-1.1 0-2 1.12-2 2.5s.9 2.5 2 2.5 2-1.12 2-2.5-.9-2.5-2-2.5zm-2.09 5c-1.06.05-1.91.92-1.91 2v1h8v-1c0-1.08-.84-1.95-1.91-2-.54.61-1.28 1-2.09 1-.81 0-1.55-.39-2.09-1z\"\/><\/svg><\/span><span class=\"kt-svg-icon-list-text\">Magamiskohti 5<\/span><\/li>\n\n\n<style>.kt-svg-icon-list-item-1218_a099b2-1b .kt-svg-icon-list-single{font-size:20px !important;color:var(--global-palette1, #3182CE) !important;}.kt-svg-icon-list-item-1218_a099b2-1b .kt-svg-icon-list-text mark.kt-highlight{background-color:unset;font-style:normal;color:#f76a0c;-webkit-box-decoration-break:clone;box-decoration-break:clone;padding-top:0px;padding-right:0px;padding-bottom:0px;padding-left:0px;}<\/style>\n<li class=\"wp-block-kadence-listitem kt-svg-icon-list-item-wrap kt-svg-icon-list-item-1218_a099b2-1b kt-svg-icon-list-style-default\"><span class=\"kb-svg-icon-wrap kb-svg-icon-fas_weight-hanging kt-svg-icon-list-single\"><svg viewBox=\"0 0 512 512\"  fill=\"currentColor\" xmlns=\"http:\/\/www.w3.org\/2000\/svg\"  aria-hidden=\"true\"><path d=\"M510.28 445.86l-73.03-292.13c-3.8-15.19-16.44-25.72-30.87-25.72h-60.25c3.57-10.05 5.88-20.72 5.88-32 0-53.02-42.98-96-96-96s-96 42.98-96 96c0 11.28 2.3 21.95 5.88 32h-60.25c-14.43 0-27.08 10.54-30.87 25.72L1.72 445.86C-6.61 479.17 16.38 512 48.03 512h415.95c31.64 0 54.63-32.83 46.3-66.14zM256 128c-17.64 0-32-14.36-32-32s14.36-32 32-32 32 14.36 32 32-14.36 32-32 32z\"\/><\/svg><\/span><span class=\"kt-svg-icon-list-text\">T\u00e4ismass: 1600kg<\/span><\/li>\n<\/ul><\/div>\n\n\n\n<p>Pikkus: 7.7m<br>Laius: 2.5m<br>K\u00f5rgus: 2.6m<\/p>\n\n\n\n<p><strong>Hinnakiri<\/strong><br>E-P 50\u20ac \u00f6\u00f6p\u00e4ev<br>Riigip\u00fchad &amp; Pikemad perioodid kokkuleppel<\/p>\n\n\n<style>.wp-block-kadence-advancedbtn.kb-btns1218_a472e0-fe{gap:var(--global-kb-gap-xs, 0.5rem );justify-content:flex-start;align-items:center;}.kt-btns1218_a472e0-fe .kt-button{font-weight:normal;font-style:normal;}.kt-btns1218_a472e0-fe .kt-btn-wrap-0{margin-right:5px;}.wp-block-kadence-advancedbtn.kt-btns1218_a472e0-fe .kt-btn-wrap-0 .kt-button{color:#555555;border-color:#555555;}.wp-block-kadence-advancedbtn.kt-btns1218_a472e0-fe .kt-btn-wrap-0 .kt-button:hover, .wp-block-kadence-advancedbtn.kt-btns1218_a472e0-fe .kt-btn-wrap-0 .kt-button:focus{color:#ffffff;border-color:#444444;}.wp-block-kadence-advancedbtn.kt-btns1218_a472e0-fe .kt-btn-wrap-0 .kt-button::before{display:none;}.wp-block-kadence-advancedbtn.kt-btns1218_a472e0-fe .kt-btn-wrap-0 .kt-button:hover, .wp-block-kadence-advancedbtn.kt-btns1218_a472e0-fe .kt-btn-wrap-0 .kt-button:focus{background:#444444;}<\/style>\n<div class=\"wp-block-kadence-advancedbtn kb-buttons-wrap kb-btns1218_a472e0-fe\"><style>ul.menu .wp-block-kadence-advancedbtn .kb-btn1218_c2fd1c-4a.kb-button{width:initial;}<\/style><span class=\"kb-button kt-button button kb-btn1218_c2fd1c-4a kt-btn-size-standard kt-btn-width-type-auto kb-btn-global-fill  kt-btn-has-text-true kt-btn-has-svg-false  wp-block-kadence-singlebtn\"><span class=\"kt-btn-inner-text\">Broneeri <strong>haagissuvila<\/strong><\/span><\/span><\/div>\n<\/div><\/div>\n\n<\/div><\/div>","protected":false},"excerpt":{"rendered":"<p>Rendi kohe Royale haagissuvila Royale haagissuvila Pikkus: 7.7mLaius: 2.5mK\u00f5rgus: 2.6m HinnakiriE-P 50\u20ac \u00f6\u00f6p\u00e4evRiigip\u00fchad &amp; Pikemad perioodid kokkuleppel<\/p>\n","protected":false},"author":1,"featured_media":0,"parent":0,"menu_order":0,"comment_status":"closed","ping_status":"closed","template":"","meta":{"_kadence_starter_templates_imported_post":false,"_kad_post_transparent":"","_kad_post_title":"","_kad_post_layout":"","_kad_post_sidebar_id":"","_kad_post_content_style":"","_kad_post_vertical_padding":"","_kad_post_feature":"","_kad_post_feature_position":"","_kad_post_header":false,"_kad_post_footer":false,"_kad_post_classname":"","footnotes":""},"class_list":["post-1218","page","type-page","status-publish","hentry"],"_links":{"self":[{"href":"https:\/\/dev18.ideearendus.ee\/winmar\/wp-json\/wp\/v2\/pages\/1218","targetHints":{"allow":["GET"]}}],"collection":[{"href":"https:\/\/dev18.ideearendus.ee\/winmar\/wp-json\/wp\/v2\/pages"}],"about":[{"href":"https:\/\/dev18.ideearendus.ee\/winmar\/wp-json\/wp\/v2\/types\/page"}],"author":[{"embeddable":true,"href":"https:\/\/dev18.ideearendus.ee\/winmar\/wp-json\/wp\/v2\/users\/1"}],"replies":[{"embeddable":true,"href":"https:\/\/dev18.ideearendus.ee\/winmar\/wp-json\/wp\/v2\/comments?post=1218"}],"version-history":[{"count":3,"href":"https:\/\/dev18.ideearendus.ee\/winmar\/wp-json\/wp\/v2\/pages\/1218\/revisions"}],"predecessor-version":[{"id":1221,"href":"https:\/\/dev18.ideearendus.ee\/winmar\/wp-json\/wp\/v2\/pages\/1218\/revisions\/1221"}],"wp:attachment":[{"href":"https:\/\/dev18.ideearendus.ee\/winmar\/wp-json\/wp\/v2\/media?parent=1218"}],"curies":[{"name":"wp","href":"https:\/\/api.w.org\/{rel}","templated":true}]}}